{"id":22,"date":"2023-04-18T15:27:31","date_gmt":"2023-04-18T13:27:31","guid":{"rendered":"https:\/\/lakesidevillage.cz\/?page_id=22"},"modified":"2025-06-10T13:18:22","modified_gmt":"2025-06-10T11:18:22","slug":"info","status":"publish","type":"page","link":"https:\/\/lakesidevillage.cz\/de\/info\/","title":{"rendered":"Infos"},"content":{"rendered":"<div data-elementor-type=\"wp-page\" data-elementor-id=\"22\" class=\"elementor elementor-22\">\n\t\t\t\t\t\t\t\t\t<section class=\"elementor-section elementor-top-section elementor-element elementor-element-1ff416d elementor-section-boxed elementor-section-height-default elementor-section-height-default\" data-id=\"1ff416d\" data-element_type=\"section\" data-settings=\"{&quot;background_background&quot;:&quot;classic&quot;}\">\n\t\t\t\t\t\t<div class=\"elementor-container elementor-column-gap-default\">\n\t\t\t\t\t<div class=\"elementor-column elementor-col-100 elementor-top-column elementor-element elementor-element-85454a6 ph-box\" data-id=\"85454a6\" data-element_type=\"column\" data-settings=\"{&quot;background_background&quot;:&quot;classic&quot;}\">\n\t\t\t<div class=\"elementor-widget-wrap elementor-element-populated\">\n\t\t\t\t\t\t\t\t<div class=\"elementor-element elementor-element-c066eeb elementor-widget elementor-widget-text-editor\" data-id=\"c066eeb\" data-element_type=\"widget\" data-widget_type=\"text-editor.default\">\n\t\t\t\t<div class=\"elementor-widget-container\">\n\t\t\t<style>\/*! elementor - v3.15.0 - 31-07-2023 *\/\n.elementor-widget-text-editor.elementor-drop-cap-view-stacked .elementor-drop-cap{background-color:#69727d;color:#fff}.elementor-widget-text-editor.elementor-drop-cap-view-framed .elementor-drop-cap{color:#69727d;border:3px solid;background-color:transparent}.elementor-widget-text-editor:not(.elementor-drop-cap-view-default) .elementor-drop-cap{margin-top:8px}.elementor-widget-text-editor:not(.elementor-drop-cap-view-default) .elementor-drop-cap-letter{width:1em;height:1em}.elementor-widget-text-editor .elementor-drop-cap{float:left;text-align:center;line-height:1;font-size:50px}.elementor-widget-text-editor .elementor-drop-cap-letter{display:inline-block}<\/style>\t\t\t\t<p><span class=\"font-hero\">Infos<\/span><\/p><hr \/>\t\t\t\t\t\t<\/div>\n\t\t\t\t<\/div>\n\t\t\t\t<div class=\"elementor-element elementor-element-ae7cabd elementor-widget elementor-widget-text-editor\" data-id=\"ae7cabd\" data-element_type=\"widget\" data-widget_type=\"text-editor.default\">\n\t\t\t\t<div class=\"elementor-widget-container\">\n\t\t\t\t\t\t\t<div class=\"font-main-regular mb10\"><h3>BEACH BAR<\/h3><p>Die Anlage verf\u00fcgt auch \u00fcber eine Beach Bar - eine angenehme Au\u00dfenterrasse mit Blick auf den See, wo Sie Grillspezialit\u00e4ten genie\u00dfen und verschiedene Snacks und Getr\u00e4nke kaufen k\u00f6nnen, vor allem in der Sommersaison.<\/p><p><a href=\"http:\/\/www.lakeside-bistro.cz\/\" target=\"_blank\" rel=\"noopener\">www.lakeside-bistro.cz<\/a><\/p><h3>AKTIVIT\u00c4TEN<\/h3><p>Die Anlage verf\u00fcgt auch \u00fcber einen eigenen Kieselstrand und zwei Stege. Es ist daher ein idealer Ort nicht nur zum Schwimmen, sondern auch zum Angeln und f\u00fcr verschiedene Wassersportarten und Aktivit\u00e4ten. Bei unseren externen Partnern k\u00f6nnen Sie Paddleboards, Motorboote, Kajaks, Mountainbikes usw. mieten.\u00a0<\/p><h3>STANDORT UND ORT<\/h3><p>Unser Ferienort liegt am Ufer des Lipno-Sees, au\u00dferhalb der Touristenzentren Lipno und Frymburk. Es ist ein einzigartiger Ort inmitten von W\u00e4ldern und Wiesen, umgeben von der Natur. Wenn Sie auf der Suche nach einem ruhigen Ort mit sch\u00f6ner Aussicht sind und es Ihnen nichts ausmacht, praktisch mitten im Nirgendwo zu sein, werden Sie Ihren Aufenthalt bei uns sicher genie\u00dfen.<\/p><h3>VOR-ORT-SERVICE<\/h3><\/div><div class=\"font-main-regular mb10\"><ul><li>Rezeption<\/li><li>Verwalter<\/li><li>Strandbar (je nach Verf\u00fcgbarkeit und Wetterlage ge\u00f6ffnet)<\/li><li>Bootsverleih<\/li><li>Spielplatz f\u00fcr Kinder im Freien<\/li><li>Beachvolleyballplatz<\/li><li>2 Stege - k\u00f6nnen f\u00fcr Ihr eigenes Boot genutzt werden<\/li><\/ul><h3>INNERHALB VON 10 MINUTEN MIT DEM AUTO<\/h3><ul><li>Kinderskilift<\/li><li>Kleine Gesch\u00e4fte<\/li><li>Restaurant<\/li><li>E-Mail<\/li><li>Lebensmittelgesch\u00e4fte und Drogerien<\/li><li>Vermietung von Fahrr\u00e4dern<\/li><li>Fischereiladen<\/li><\/ul><p>Dorf am See: Miln\u00e1 Nr. 400, V\u011btrn\u00edk bei Frymburk<\/p><p>GPS-Koordinaten: 48.671120, 14.126643<\/p><\/div>\t\t\t\t\t\t<\/div>\n\t\t\t\t<\/div>\n\t\t\t\t\t<\/div>\n\t\t<\/div>\n\t\t\t\t\t\t\t<\/div>\n\t\t<\/section>\n\t\t\t\t<section class=\"elementor-section elementor-top-section elementor-element elementor-element-11abf98 elementor-section-boxed elementor-section-height-default elementor-section-height-default\" data-id=\"11abf98\" data-element_type=\"section\">\n\t\t\t\t\t\t<div class=\"elementor-container elementor-column-gap-default\">\n\t\t\t\t\t<div class=\"elementor-column elementor-col-100 elementor-top-column elementor-element elementor-element-9dca03f\" data-id=\"9dca03f\" data-element_type=\"column\">\n\t\t\t<div class=\"elementor-widget-wrap elementor-element-populated\">\n\t\t\t\t\t\t\t\t<div class=\"elementor-element elementor-element-3ba0fa6 elementor-widget elementor-widget-image\" data-id=\"3ba0fa6\" data-element_type=\"widget\" data-widget_type=\"image.default\">\n\t\t\t\t<div class=\"elementor-widget-container\">\n\t\t\t<style>\/*! elementor - v3.15.0 - 31-07-2023 *\/\n.elementor-widget-image{text-align:center}.elementor-widget-image a{display:inline-block}.elementor-widget-image a img[src$=\".svg\"]{width:48px}.elementor-widget-image img{vertical-align:middle;display:inline-block}<\/style>\t\t\t\t\t\t\t\t\t\t\t\t<img loading=\"lazy\" decoding=\"async\" width=\"800\" height=\"623\" src=\"https:\/\/lakesidevillage.cz\/wp-content\/uploads\/2025\/02\/06_Uprava_Mapy_1306_update-1-1024x798.jpg\" class=\"attachment-large size-large wp-image-2364\" alt=\"\" srcset=\"https:\/\/lakesidevillage.cz\/wp-content\/uploads\/2025\/02\/06_Uprava_Mapy_1306_update-1-1024x798.jpg 1024w, https:\/\/lakesidevillage.cz\/wp-content\/uploads\/2025\/02\/06_Uprava_Mapy_1306_update-1-300x234.jpg 300w, https:\/\/lakesidevillage.cz\/wp-content\/uploads\/2025\/02\/06_Uprava_Mapy_1306_update-1-768x599.jpg 768w, https:\/\/lakesidevillage.cz\/wp-content\/uploads\/2025\/02\/06_Uprava_Mapy_1306_update-1-15x12.jpg 15w\" sizes=\"auto, (max-width: 800px) 100vw, 800px\" \/>\t\t\t\t\t\t\t\t\t\t\t\t\t\t\t<\/div>\n\t\t\t\t<\/div>\n\t\t\t\t\t<\/div>\n\t\t<\/div>\n\t\t\t\t\t\t\t<\/div>\n\t\t<\/section>\n\t\t\t\t<section class=\"elementor-section elementor-top-section elementor-element elementor-element-a599069 elementor-section-boxed elementor-section-height-default elementor-section-height-default\" data-id=\"a599069\" data-element_type=\"section\">\n\t\t\t\t\t\t<div class=\"elementor-container elementor-column-gap-default\">\n\t\t\t\t\t<div class=\"elementor-column elementor-col-100 elementor-top-column elementor-element elementor-element-9d44af1\" data-id=\"9d44af1\" data-element_type=\"column\">\n\t\t\t<div class=\"elementor-widget-wrap elementor-element-populated\">\n\t\t\t\t\t\t\t\t<div class=\"elementor-element elementor-element-d6a07bb elementor-widget elementor-widget-text-editor\" data-id=\"d6a07bb\" data-element_type=\"widget\" data-widget_type=\"text-editor.default\">\n\t\t\t\t<div class=\"elementor-widget-container\">\n\t\t\t\t\t\t\t<p>Lorem ipsum dolor sit amet, consectetur adipiscing elit. Ut elit tellus, luctus nec ullamcorper mattis, pulvinar dapibus leo.<\/p>\t\t\t\t\t\t<\/div>\n\t\t\t\t<\/div>\n\t\t\t\t\t<\/div>\n\t\t<\/div>\n\t\t\t\t\t\t\t<\/div>\n\t\t<\/section>\n\t\t\t\t<section class=\"elementor-section elementor-top-section elementor-element elementor-element-84a4ed8 elementor-section-boxed elementor-section-height-default elementor-section-height-default\" data-id=\"84a4ed8\" data-element_type=\"section\">\n\t\t\t\t\t\t<div class=\"elementor-container elementor-column-gap-default\">\n\t\t\t\t\t<div class=\"elementor-column elementor-col-100 elementor-top-column elementor-element elementor-element-a8ea81f\" data-id=\"a8ea81f\" data-element_type=\"column\">\n\t\t\t<div class=\"elementor-widget-wrap elementor-element-populated\">\n\t\t\t\t\t\t\t\t<section class=\"elementor-section elementor-inner-section elementor-element elementor-element-c453c31 elementor-section-boxed elementor-section-height-default elementor-section-height-default\" data-id=\"c453c31\" data-element_type=\"section\">\n\t\t\t\t\t\t<div class=\"elementor-container elementor-column-gap-default\">\n\t\t\t\t\t<div class=\"elementor-column elementor-col-50 elementor-inner-column elementor-element elementor-element-071aec4\" data-id=\"071aec4\" data-element_type=\"column\">\n\t\t\t<div class=\"elementor-widget-wrap\">\n\t\t\t\t\t\t\t\t\t<\/div>\n\t\t<\/div>\n\t\t\t\t<div class=\"elementor-column elementor-col-50 elementor-inner-column elementor-element elementor-element-fec2ac4\" data-id=\"fec2ac4\" data-element_type=\"column\">\n\t\t\t<div class=\"elementor-widget-wrap\">\n\t\t\t\t\t\t\t\t\t<\/div>\n\t\t<\/div>\n\t\t\t\t\t\t\t<\/div>\n\t\t<\/section>\n\t\t\t\t\t<\/div>\n\t\t<\/div>\n\t\t\t\t\t\t\t<\/div>\n\t\t<\/section>\n\t\t\t\t\t\t\t<\/div>","protected":false},"excerpt":{"rendered":"<p>Info BEACH BAR Die Ferienanlage verf\u00fcgt auch \u00fcber eine Beach Bar - eine angenehme Sitzecke auf der Au\u00dfenterrasse mit Blick auf den See, wo Sie Grillspezialit\u00e4ten genie\u00dfen und verschiedene Snacks und Getr\u00e4nke kaufen k\u00f6nnen, vor allem in der Sommersaison.www.lakeside-bistro.cz AKTIVIT\u00c4TEN Die Ferienanlage verf\u00fcgt auch \u00fcber einen eigenen Kieselstrand und zwei Stege. Es ist daher ein idealer Ort nicht nur zum Schwimmen, sondern auch f\u00fcr [...]<\/p>","protected":false},"author":1,"featured_media":0,"parent":0,"menu_order":0,"comment_status":"closed","ping_status":"closed","template":"","meta":{"footnotes":""},"class_list":["post-22","page","type-page","status-publish","hentry"],"acf":[],"_links":{"self":[{"href":"https:\/\/lakesidevillage.cz\/de\/wp-json\/wp\/v2\/pages\/22","targetHints":{"allow":["GET"]}}],"collection":[{"href":"https:\/\/lakesidevillage.cz\/de\/wp-json\/wp\/v2\/pages"}],"about":[{"href":"https:\/\/lakesidevillage.cz\/de\/wp-json\/wp\/v2\/types\/page"}],"author":[{"embeddable":true,"href":"https:\/\/lakesidevillage.cz\/de\/wp-json\/wp\/v2\/users\/1"}],"replies":[{"embeddable":true,"href":"https:\/\/lakesidevillage.cz\/de\/wp-json\/wp\/v2\/comments?post=22"}],"version-history":[{"count":12,"href":"https:\/\/lakesidevillage.cz\/de\/wp-json\/wp\/v2\/pages\/22\/revisions"}],"predecessor-version":[{"id":2392,"href":"https:\/\/lakesidevillage.cz\/de\/wp-json\/wp\/v2\/pages\/22\/revisions\/2392"}],"wp:attachment":[{"href":"https:\/\/lakesidevillage.cz\/de\/wp-json\/wp\/v2\/media?parent=22"}],"curies":[{"name":"wp","href":"https:\/\/api.w.org\/{rel}","templated":true}]}}