{"id":1260,"date":"2023-07-10T16:00:39","date_gmt":"2023-07-10T14:00:39","guid":{"rendered":"https:\/\/lakesidevillage.cz\/?page_id=1260"},"modified":"2025-07-04T11:23:09","modified_gmt":"2025-07-04T09:23:09","slug":"vop","status":"publish","type":"page","link":"https:\/\/lakesidevillage.cz\/de\/vop\/","title":{"rendered":"UNTERKUNFTSZEITPLAN des Resorts - Lakeside Village - V\u011btrn\u00edk"},"content":{"rendered":"<div data-elementor-type=\"wp-page\" data-elementor-id=\"1260\" class=\"elementor elementor-1260\">\n\t\t\t\t\t\t\t\t\t<section class=\"elementor-section elementor-top-section elementor-element elementor-element-33505971 elementor-section-boxed elementor-section-height-default elementor-section-height-default\" data-id=\"33505971\" data-element_type=\"section\">\n\t\t\t\t\t\t<div class=\"elementor-container elementor-column-gap-default\">\n\t\t\t\t\t<div class=\"elementor-column elementor-col-100 elementor-top-column elementor-element elementor-element-2c0d3f78\" data-id=\"2c0d3f78\" data-element_type=\"column\">\n\t\t\t<div class=\"elementor-widget-wrap elementor-element-populated\">\n\t\t\t\t\t\t\t\t<div class=\"elementor-element elementor-element-6b1319cb elementor-widget elementor-widget-text-editor\" data-id=\"6b1319cb\" data-element_type=\"widget\" data-widget_type=\"text-editor.default\">\n\t\t\t\t<div class=\"elementor-widget-container\">\n\t\t\t<style>\/*! elementor - v3.15.0 - 31-07-2023 *\/\n.elementor-widget-text-editor.elementor-drop-cap-view-stacked .elementor-drop-cap{background-color:#69727d;color:#fff}.elementor-widget-text-editor.elementor-drop-cap-view-framed .elementor-drop-cap{color:#69727d;border:3px solid;background-color:transparent}.elementor-widget-text-editor:not(.elementor-drop-cap-view-default) .elementor-drop-cap{margin-top:8px}.elementor-widget-text-editor:not(.elementor-drop-cap-view-default) .elementor-drop-cap-letter{width:1em;height:1em}.elementor-widget-text-editor .elementor-drop-cap{float:left;text-align:center;line-height:1;font-size:50px}.elementor-widget-text-editor .elementor-drop-cap-letter{display:inline-block}<\/style>\t\t\t\t<p>\u00a0<\/p>\n<p><!-- \/wp:separator --><\/p>\n<p><!-- wp:heading --><\/p>\n<h2><strong>UNTERKUNFTSZEITPLAN des Resorts - Lakeside Village - V\u011btrn\u00edk<\/strong><\/h2>\n<p><!-- \/wp:heading --><\/p>\n<p><!-- wp:paragraph --><\/p>\n<p>Betreiber: Lipno Rent s.r.o., P\u0159\u00edstav 71, Lipno nad Vltavou, ID 05400406<\/p>\n<p><!-- \/wp:paragraph --><\/p>\n<p><!-- wp:paragraph --><\/p>\n<p>(nachstehend \"Resort\" genannt)<\/p>\n<p><!-- \/wp:paragraph --><\/p>\n<p><!-- wp:paragraph --><\/p>\n<p>(1) Das Resort bietet seinen G\u00e4sten Beherbergungsleistungen durch die Vermietung von Wohneinheiten an, die einzelnen Eigent\u00fcmern geh\u00f6ren.<\/p>\n<p><!-- \/wp:paragraph --><\/p>\n<p><!-- wp:paragraph --><\/p>\n<p>(2) Das Resort ist nur berechtigt, einen Gast zu beherbergen, der sich ordnungsgem\u00e4\u00df angemeldet hat und \u00fcber eine g\u00fcltige Unterkunftsreservierung verf\u00fcgt. Bei der Ankunft ist der Gast verpflichtet, einen g\u00fcltigen Personalausweis, ein ausl\u00e4ndisches Reisedokument im Sinne des Gesetzes \u00fcber den Aufenthalt von Ausl\u00e4ndern in der Tschechischen Republik vorzulegen sowie das Anmeldeformular \"Anmeldung des Gastes\" auszuf\u00fcllen und zu unterschreiben, sofern dies nicht bereits elektronisch erfolgt ist. Die Anmeldung an der Rezeption des Resorts gilt auch f\u00fcr Minderj\u00e4hrige.<\/p>\n<p><!-- \/wp:paragraph --><\/p>\n<p><!-- wp:paragraph --><\/p>\n<p>3. Beim Check-in hat der Gast Anspruch auf eine vor\u00fcbergehende Unterkunft f\u00fcr den vereinbarten Zeitraum.<\/p>\n<p><!-- \/wp:paragraph --><\/p>\n<p><!-- wp:paragraph --><\/p>\n<p>4. Der Rezeptionist h\u00e4ndigt dem Gast dann den Schl\u00fcssel f\u00fcr das Haus oder die Wohnung (im Folgenden als Einheit bezeichnet) oder die Fernbedienung f\u00fcr die Schranke aus. Bei Verlust des Schl\u00fcssels\/der Fernbedienung ist der Gast verpflichtet, den Verlust unverz\u00fcglich an der Rezeption zu melden. Andernfalls haftet die Ferienanlage nicht f\u00fcr Sch\u00e4den im Zusammenhang mit dem Verlust des Schl\u00fcssels. Bei Verlust des Schl\u00fcssels oder Zerst\u00f6rung der Fernbedienung der Schranke wird den G\u00e4sten eine Geb\u00fchr in Rechnung gestellt.<\/p>\n<p><!-- \/wp:paragraph --><\/p>\n<p><!-- wp:paragraph --><\/p>\n<p>5. Aufgrund der best\u00e4tigten Bestellung ist der Rezeptionist verpflichtet, den Gast ab 16.00 Uhr am Anreisetag einzuchecken und ihn bis 11.00 Uhr am Abreisetag einzuchecken. W\u00e4hrend dieser Zeit ist die Wohnung f\u00fcr den Gast reserviert, sofern in der Bestellung nichts anderes angegeben ist. Ein fr\u00fcheres Einchecken vor 16.00 Uhr muss bei der Buchung des Zimmers im Voraus vereinbart werden, wobei die Genehmigung des Resorts und die eventuelle Preisgestaltung f\u00fcr diesen zus\u00e4tzlichen Service abzuwarten sind. Sp\u00e4te Abreisen m\u00fcssen ebenfalls mit der Rezeption abgesprochen werden. Bei versp\u00e4teter Abreise vor 16.00 Uhr kann eine Geb\u00fchr von 500 CZK \/ 20 \u20ac erhoben werden, nach 16.00 Uhr wird die n\u00e4chste Nacht in Rechnung gestellt.<\/p>\n<p><!-- \/wp:paragraph --><\/p>\n<p><!-- wp:paragraph --><\/p>\n<p>6. Wird eine g\u00fcltige Reservierung vom Gast 3 Monate vor der Ankunft storniert, berechnet das Resort eine Geb\u00fchr von 20% des Zimmerpreises. F\u00fcr die Stornierung einer g\u00fcltigen Reservierung durch den Gast 30 Tage vor der Ankunft berechnet das Resort 50% des Zimmerpreises.<\/p>\n<p><!-- \/wp:paragraph --><\/p>\n<p><!-- wp:paragraph --><\/p>\n<p>Im Falle einer Stornierung durch den Gast 3 Tage vor der Ankunft oder im Falle einer \"no show\" - \"NO SHOW\" wird das Resort eine Geb\u00fchr von 100% des Zimmerpreises berechnen und ist berechtigt, die Reservierung ohne R\u00fcckerstattung zu stornieren.\u00a0<\/p>\n<p>Wenn Sie eine Unterkunft \u00fcber einen Vertriebskanal (z. B. Booking.com, Airbnb usw.) erwerben, gelten f\u00fcr die Stornierungsbedingungen die Regeln dieses Vertriebskanals.\u00a0<\/p>\n<p><!-- \/wp:paragraph --><\/p>\n<p><!-- wp:paragraph --><\/p>\n<p>Alle oben genannten Stornierungsbedingungen gelten nicht f\u00fcr Situationen, die mit Covid 19 zusammenh\u00e4ngen. Im Falle einer Stornierung aufgrund von Covid 19 werden dem Gast keine Stornierungsgeb\u00fchren in Rechnung gestellt.<\/p>\n<p><!-- \/wp:paragraph --><\/p>\n<p><!-- wp:paragraph --><\/p>\n<p>7. Das Resort ist nicht verpflichtet, G\u00e4ste ohne best\u00e4tigte Reservierung zu beherbergen.<\/p>\n<p><!-- \/wp:paragraph --><\/p>\n<p><!-- wp:paragraph --><\/p>\n<p>8. Wenn der Gast kein g\u00fcltiges Ausweisdokument (Personalausweis, Reisepass, Aufenthaltsgenehmigung) vorlegt, ist der Rezeptionist berechtigt, die Unterbringung des Gastes im Hinblick auf das Gesetz \u00fcber lokale Geb\u00fchren f\u00fcr tschechische B\u00fcrger und das Gesetz 314\/2015 Slg. f\u00fcr ausl\u00e4ndische Kunden zu verweigern.<\/p>\n<p><!-- \/wp:paragraph --><\/p>\n<p><!-- wp:paragraph --><\/p>\n<p>9. Personen, die mit ansteckenden Krankheiten infiziert sind oder offensichtlich unter dem Einfluss von Alkohol oder anderen Drogen stehen, sind von der Unterbringung in der Anlage ausgeschlossen.<\/p>\n<p><!-- \/wp:paragraph --><\/p>\n<p><!-- wp:paragraph --><\/p>\n<p>(10) Die Ferienanlage beh\u00e4lt sich das Recht vor, dem Gast in Ausnahmef\u00e4llen eine andere als die vereinbarte Unterkunft anzubieten, sofern diese in Art und Kapazit\u00e4t nicht wesentlich von der best\u00e4tigten Bestellung abweicht.<\/p>\n<p><!-- \/wp:paragraph --><\/p>\n<p><!-- wp:paragraph --><\/p>\n<p>11. Verlangt der Gast eine Verl\u00e4ngerung der Beherbergungszeit gegen\u00fcber der vereinbarten Zeit und verf\u00fcgt die Ferienanlage \u00fcber freie Kapazit\u00e4ten, kann die Beherbergungszeit verl\u00e4ngert werden. Die Ferienanlage kann dem Gast jedoch eine andere Einheit als diejenige anbieten, in der er urspr\u00fcnglich untergebracht war.<\/p>\n<p><!-- \/wp:paragraph --><\/p>\n<p><!-- wp:paragraph --><\/p>\n<p>12. f\u00fcr die Unterbringung und andere bestellte Dienstleistungen ist der Gast verpflichtet, im Voraus gem\u00e4\u00df der g\u00fcltigen Preisliste des Resorts oder beim Check-in an der Rezeption auf der Grundlage der vorgelegten Rechnung zu zahlen, zusammen mit der Begleichung der vom Gast geleisteten Vorauszahlungen, sofern das Resort und der Gast nichts anderes vereinbart haben.<\/p>\n<p><!-- \/wp:paragraph --><\/p>\n<p><!-- wp:paragraph --><\/p>\n<p>(13) Der Gast garantiert die Unterkunft, die Dienstleistungen w\u00e4hrend des Aufenthalts und eventuelle kleinere Sch\u00e4den mit einer Kaution, die an der Rezeption des Resorts in bar oder in Form eines Blocks auf einer Kreditkarte in H\u00f6he von 5000 CZK\/200 EUR f\u00fcr die Unterkunft im Haus oder 2500 CZK\/100 EUR f\u00fcr die Unterkunft im Appartement zu hinterlegen ist. Diese Kaution wird dem Gast bei der Abreise (Check-out-Prozedur) nach \u00dcberpr\u00fcfung des Objekts, Begleichung der Rechnung und R\u00fcckgabe der Schl\u00fcssel oder der Fernbedienung f\u00fcr die Schranke in voller H\u00f6he zur\u00fcckerstattet.<\/p>\n<p><!-- \/wp:paragraph --><\/p>\n<p><!-- wp:paragraph --><\/p>\n<p>14. Die Beherbergung endet an dem mit dem Gast vereinbarten Datum, d. h. an dem Tag, an dem der Gast abreist. F\u00fcr einen ordnungsgem\u00e4\u00dfen Check-out muss der Gast die Wohnung bis 11.00 Uhr verlassen, den Schl\u00fcssel und die Fernbedienung f\u00fcr die Schranke an der Rezeption abgeben und die Rechnung bezahlen. Kommt der Gast dem nicht nach, ist die Ferienanlage berechtigt, eine Geb\u00fchr f\u00fcr versp\u00e4tetes Auschecken in H\u00f6he von 500,- CZK\/EUR 20,- oder eine zus\u00e4tzliche \u00dcbernachtung in Rechnung zu stellen, sofern nichts anderes vereinbart wurde.<\/p>\n<p><!-- \/wp:paragraph --><\/p>\n<p><!-- wp:paragraph --><\/p>\n<p>15 Am Ende des Aufenthalts ist der Gast verpflichtet, eventuelle Sch\u00e4den an der Rezeption des Resorts zu melden. Verschweigt der Gast die Sch\u00e4den, wird dem Gast eine Rechnung gestellt oder die Kreditkarte belastet.<\/p>\n<p><!-- \/wp:paragraph --><\/p>\n<p><!-- wp:paragraph --><\/p>\n<p>16 Bei der Anmeldung oder Beendigung des Aufenthalts ist der Gast verpflichtet, an der Rezeption des Resorts die folgenden Geb\u00fchren zu entrichten, die nicht im Preis der Unterkunfts- und Aufenthaltspakete enthalten sind:<\/p>\n<p><!-- \/wp:paragraph --><\/p>\n<p><!-- wp:paragraph --><\/p>\n<p>Ortsgeb\u00fchr von 20 CZK\/0,80 \u20ac pro Person und Nacht,<\/p>\n<p><!-- \/wp:paragraph --><\/p>\n<p><!-- wp:paragraph --><\/p>\n<p>Bettw\u00e4sche und Handt\u00fccher: 300 CZK\/12 EUR pro Person<\/p>\n<p><!-- \/wp:paragraph --><\/p>\n<p><!-- wp:paragraph --><\/p>\n<p>Endreinigungsgeb\u00fchr von:<\/p>\n<p><!-- \/wp:paragraph --><\/p>\n<p><!-- wp:paragraph --><\/p>\n<p>1600 CZK\/ 65 EUR f\u00fcr ein Haus mit einer Kapazit\u00e4t von 6 Personen oder mehr<\/p>\n<p><!-- \/wp:paragraph --><\/p>\n<p><!-- wp:paragraph --><\/p>\n<p>1400 CZK\/ 55 EUR f\u00fcr Haus und Wohnung mit einer Kapazit\u00e4t von bis zu 6 Personen<\/p>\n<p><!-- \/wp:paragraph --><\/p>\n<p><!-- wp:paragraph --><\/p>\n<p>900 CZK\/ 35 EUR f\u00fcr ein kleineres Appartement f\u00fcr bis zu 3 Personen<\/p>\n<p><!-- \/wp:paragraph --><\/p>\n<p><!-- wp:paragraph --><\/p>\n<p>Bei starker Verschmutzung, die nicht dem normalen Gebrauch entspricht, wird eine zus\u00e4tzliche Geb\u00fchr f\u00fcr die Sonderreinigung in H\u00f6he von 500 CZK\/20 EUR - bei extremer Verschmutzung 2500 CZK\/100 EUR - erhoben.<\/p>\n<p><!-- \/wp:paragraph --><\/p>\n<p><!-- wp:paragraph --><\/p>\n<p>(17) Das Resort bietet seinen G\u00e4sten und Besuchern einen kostenlosen WiFi-Internetzugang. Bei der Nutzung des WIFI-Netzes ist jeder Nutzer verpflichtet, alle geltenden Gesetze und Vorschriften einzuhalten, insbesondere die Verletzung von Urheberrechtsgesetzen, die illegale Weitergabe oder das Herunterladen von Kunstwerken, die \u00dcberlastung des WiFi-Netzes, die Durchf\u00fchrung von Aktivit\u00e4ten, die zur \u00dcbertragung oder Verbreitung von Computerviren f\u00fchren, das Versenden von unaufgeforderten Nachrichten (Spam), die Verbreitung von Alarmmeldungen sowie die Durchf\u00fchrung anderer Aktivit\u00e4ten, die gegen die entsprechenden Gesetze und Vorschriften versto\u00dfen, zu vermeiden.<\/p>\n<p><!-- \/wp:paragraph --><\/p>\n<p><!-- wp:paragraph --><\/p>\n<p>18 Der Gast ist verpflichtet, sich zu vergewissern, dass die Ausr\u00fcstung gem\u00e4\u00df der Ausr\u00fcstungsliste vollst\u00e4ndig und in gutem Zustand ist, und fehlende oder besch\u00e4digte Ausr\u00fcstung sofort bei der Ankunft an der Rezeption zu melden. Im Falle von Sch\u00e4den an der Ausr\u00fcstung, die w\u00e4hrend des Aufenthalts festgestellt werden, ist der Gast ebenfalls verpflichtet, diese an der Rezeption des Resorts zu melden.<\/p>\n<p><!-- \/wp:paragraph --><\/p>\n<p><!-- wp:paragraph --><\/p>\n<p>19 Der Gast ist berechtigt, die Ausstattung der Einheiten gem\u00e4\u00df der beiliegenden Anleitung nur f\u00fcr die Zwecke zu verwenden, f\u00fcr die sie bestimmt ist.<\/p>\n<p><!-- \/wp:paragraph --><\/p>\n<p><!-- wp:paragraph --><\/p>\n<p>20. der Gast darf ohne Zustimmung der Direktion des Resorts keine wesentlichen Ver\u00e4nderungen an den zur Nutzung \u00fcberlassenen R\u00e4umlichkeiten vornehmen, d.h. er darf keine Ger\u00e4te oder Einrichtungen versetzen oder Eingriffe in das Stromnetz oder andere Installationen vornehmen.<\/p>\n<p><!-- \/wp:paragraph --><\/p>\n<p><!-- wp:paragraph --><\/p>\n<p>(21) Der Gast haftet f\u00fcr alle Sch\u00e4den, die er an der Einrichtung der Wohneinheit verursacht, es sei denn, er beweist, dass er sie nicht verursacht hat, und ist verpflichtet, diese Sch\u00e4den unverz\u00fcglich zu begleichen. Dieser Anspruch des Resorts gilt auch f\u00fcr Sch\u00e4den, die nach der Abreise des Gastes entdeckt werden. Kleinere Sch\u00e4den werden direkt von der Kaution bezahlt. Bei gr\u00f6\u00dferen Sch\u00e4den, deren H\u00f6he nicht im Voraus bestimmt werden kann, wird die Kaution einbehalten und dem Gast nach einer genauen Sch\u00e4tzung in Rechnung gestellt. \u00dcbersteigt der Schaden den Betrag der Kaution, wird dem Gast eine Rechnung zugesandt.<\/p>\n<p><!-- \/wp:paragraph --><\/p>\n<p><!-- wp:paragraph --><\/p>\n<p>(22) Alle Besucher d\u00fcrfen nur von 8.00 Uhr bis 22.00 Uhr mit Zustimmung der Rezeptionistin empfangen werden. Au\u00dferhalb dieser Zeiten haben nur G\u00e4ste und Mitarbeiter des Resorts Zugang zu den Einheiten.<\/p>\n<p><!-- \/wp:paragraph --><\/p>\n<p><!-- wp:paragraph --><\/p>\n<p>(23) Die G\u00e4ste d\u00fcrfen Haustiere und andere Tiere nur mit Wissen der Rezeption und nur dann in die Anlage mitbringen, wenn der Besitzer ihren sicheren Gesundheitszustand nachweist. Dies ist auf Verlangen nachzuweisen, z.B. durch einen g\u00fcltigen Impfpass des Tieres. Der Preis f\u00fcr den Aufenthalt des Tieres wird nach der aktuellen Preisliste berechnet. In allen \u00f6ffentlichen Bereichen der Ferienanlage muss jeder Hund (oder jedes andere Tier) an der Leine gef\u00fchrt werden und einen Maulkorb tragen. Hunde oder andere Tiere d\u00fcrfen nicht auf Betten oder anderen Einrichtungen des Resorts, die zur Erholung der G\u00e4ste genutzt werden, liegen oder ruhen. Der Gast, der dem Tier den Aufenthalt in der Wohneinheit gestattet hat, ist f\u00fcr das Tier voll verantwortlich. Ausgenommen hiervon sind taube und h\u00f6rgesch\u00e4digte Signalhunde und \u00e4hnliche Assistenzhunde. Diese sind im Resort jederzeit kostenlos erlaubt. Haustiere d\u00fcrfen nicht allein und unbeaufsichtigt in den Wohneinheiten gelassen werden.<\/p>\n<p><!-- \/wp:paragraph --><\/p>\n<p><!-- wp:paragraph --><\/p>\n<p>24. die G\u00e4ste d\u00fcrfen keine gef\u00e4hrlichen Gegenst\u00e4nde und Substanzen (Waffen, Sprengstoffe, brennbare Stoffe, \u00e4tzende Stoffe, Gifte usw.), narkotische oder psychotrope Substanzen sowie stark riechende Gegenst\u00e4nde oder Substanzen in die Wohneinheiten oder Gemeinschaftsbereiche der Anlage mitbringen.<\/p>\n<p><!-- \/wp:paragraph --><\/p>\n<p><!-- wp:paragraph --><\/p>\n<p>25 Das Rauchen ist in den Innenr\u00e4umen der Wohneinheiten verboten. Im Falle eines Versto\u00dfes gegen das Verbot wird dem Gast eine zus\u00e4tzliche Reinigung in Rechnung gestellt.<\/p>\n<p><!-- \/wp:paragraph --><\/p>\n<p><!-- wp:paragraph --><\/p>\n<p>26 Der Gast ist verpflichtet, die Nachtruhe von 22.00 bis 07.00 Uhr einzuhalten und darf andere G\u00e4ste nicht st\u00f6ren. Mit Zustimmung des Betreibers k\u00f6nnen in den R\u00e4umlichkeiten des Resorts auch nach 22.00 Uhr in den daf\u00fcr vorgesehenen Bereichen gesellschaftliche Veranstaltungen durchgef\u00fchrt werden.<\/p>\n<p><!-- \/wp:paragraph --><\/p>\n<p><!-- wp:paragraph --><\/p>\n<p>27 Das Resort darf nur auf den Zufahrtsstra\u00dfen betreten und befahren werden, das Parken von Fahrzeugen ist auf den daf\u00fcr vorgesehenen Fl\u00e4chen erlaubt. Das Resort haftet nicht f\u00fcr Diebstahl oder Sch\u00e4den an Kraftfahrzeugen, die auf dem Gel\u00e4nde des Resorts abgestellt werden. Das Resort r\u00e4t seinen G\u00e4sten, daf\u00fcr zu sorgen, dass ihr Fahrzeug ordnungsgem\u00e4\u00df verschlossen und gesichert ist. Es wird auch empfohlen, pers\u00f6nliche und wertvolle Gegenst\u00e4nde nicht lose im Fahrzeug zu lassen. Das Resort haftet nicht f\u00fcr Sch\u00e4den, die ein Gast Dritten auf den Parkpl\u00e4tzen des Resorts zuf\u00fcgt. Das Resort beh\u00e4lt sich das Recht vor, Sch\u00e4den am Eigentum des Resorts, die durch das Fahrzeug eines Gastes entstanden sind, zu reklamieren und in Rechnung zu stellen.<\/p>\n<p><!-- \/wp:paragraph --><\/p>\n<p><!-- wp:paragraph --><\/p>\n<p>Aus Sicherheitsgr\u00fcnden ist es nicht gestattet, Kinder unter zehn Jahren, behinderte Personen und Haustiere ohne Aufsicht von Erwachsenen in den Einheiten und anderen Bereichen des Resorts zu lassen. F\u00fcr Sch\u00e4den, die von Kindern oder unbefugten Personen verursacht werden, sind die Erziehungsberechtigten verantwortlich.<\/p>\n<p><!-- \/wp:paragraph --><\/p>\n<p><!-- wp:paragraph --><\/p>\n<p>29 Der Gast ist verpflichtet, die Wasserh\u00e4hne abzudrehen, das Licht auszuschalten, die Fenster und die Balkont\u00fcr zu schlie\u00dfen und die Wohnung abzuschlie\u00dfen.<\/p>\n<p><!-- \/wp:paragraph --><\/p>\n<p><!-- wp:paragraph --><\/p>\n<p>30. Jeder Gast ist verpflichtet, sich auf dem Gel\u00e4nde des Resorts so zu verhalten, dass kein Brand entsteht. Das Verhalten der G\u00e4ste im Brandfall ist in den Feueralarmrichtlinien geregelt.<\/p>\n<p><!-- \/wp:paragraph --><\/p>\n<p><!-- wp:paragraph --><\/p>\n<p>31. das Feuer in den Gemeinschaftsbereichen des Resorts und in den einzelnen Einheiten wird automatisch durch optische Rauchmelder gemeldet, die in den Einheiten und in den \u00f6ffentlichen Bereichen des Resorts installiert sind.<\/p>\n<p><!-- \/wp:paragraph --><\/p>\n<p><!-- wp:paragraph --><\/p>\n<p>32. Im Falle eines Brandes sind die G\u00e4ste verpflichtet, den Feueralarm dem Personal des Resorts oder direkt der Notrufnummer 150 zu melden. Um die Flammen in der Anfangsphase zu l\u00f6schen, k\u00f6nnen sie die tragbaren Ger\u00e4te benutzen, die sich in den Gemeinschaftsbereichen des Resorts und in den Einheiten befinden. Vorrangig ist jedoch der Schutz von Leib und Leben.<\/p>\n<p><!-- \/wp:paragraph --><\/p>\n<p><!-- wp:paragraph --><\/p>\n<p>33. Im Falle eines Unfalls, eines Einsturzes, eines Ertrinkens oder einer \u00e4hnlichen lebensbedrohlichen Situation sind die G\u00e4ste verpflichtet, dieses Ereignis sofort unter der Notrufnummer 112 zu melden und anschlie\u00dfend das Personal des Resorts zu benachrichtigen.<\/p>\n<p><!-- \/wp:paragraph --><\/p>\n<p><!-- wp:paragraph --><\/p>\n<p>34. Der Zutritt zur bewohnten Einheit ist nur der Resortleitung und dem Wartungspersonal gestattet, wenn eine technische St\u00f6rung in der Einheit gemeldet wird. Das Betreten einer bewohnten Einheit durch Reinigungskr\u00e4fte oder andere Personen ist nur mit vorheriger Zustimmung des Gastes oder auf dessen Wunsch m\u00f6glich.<\/p>\n<p><!-- \/wp:paragraph --><\/p>\n<p><!-- wp:paragraph --><\/p>\n<p>35. Die G\u00e4ste werden gebeten, insbesondere in den \u00f6ffentlichen Bereichen des Resorts und auf den Terrassen auf gute Umgangsformen zu achten. Es ist nicht erlaubt, sich in den \u00f6ffentlichen Bereichen des Resorts unbekleidet zu bewegen.<\/p>\n<p><!-- \/wp:paragraph --><\/p>\n<p><!-- wp:paragraph --><\/p>\n<p>36. Vergessene Gegenst\u00e4nde von G\u00e4sten des Resorts werden registriert und einen Monat lang aufbewahrt. Sie k\u00f6nnen nur auf Wunsch und auf Kosten des Gastes an seine Adresse geschickt werden.<\/p>\n<p><!-- \/wp:paragraph --><\/p>\n<p><!-- wp:paragraph --><\/p>\n<p>37. Die Leitung des Resorts begr\u00fc\u00dft alle Verbesserungsvorschl\u00e4ge und dankt Ihnen f\u00fcr Ihre kritischen Anmerkungen.<\/p>\n<p><!-- \/wp:paragraph --><\/p>\n<p><!-- wp:paragraph --><\/p>\n<p>38. Der Gast ist verpflichtet, die Bestimmungen dieser Beherbergungsordnung jederzeit einzuhalten. Verst\u00f6\u00dft ein Gast trotz Abmahnung grob gegen die Beherbergungsordnung oder die guten Sitten, so ist das Resort berechtigt, vor Ablauf der vereinbarten Frist von der Erbringung der Beherbergungsleistung zur\u00fcckzutreten. Das Resort hat Anspruch auf volle R\u00fcckerstattung des Unterkunftspreises. Der Gast hat dann das Resort unverz\u00fcglich zu verlassen.<\/p>\n<p><!-- \/wp:paragraph --><\/p>\n<p><!-- wp:paragraph --><\/p>\n<p>39. Der Gast, der dem Resort die pers\u00f6nlichen Daten aus seinen Unterlagen zum Zeitpunkt der Unterkunftsleistung zur Verf\u00fcgung stellt, stimmt der Erfassung, Speicherung und Verarbeitung der dem Verwalter, Lipno rent s.r.o., zur Verf\u00fcgung gestellten pers\u00f6nlichen Daten zu den unten genannten Zwecken zu. Diese Zustimmung erfolgt freiwillig f\u00fcr alle angegebenen Daten, f\u00fcr einen Zeitraum von 10 Jahren ab dem Datum der Zustimmung. Mit seiner Unterschrift (bzw. durch Ankreuzen des entsprechenden K\u00e4stchens im Falle eines Online-Formulars) best\u00e4tigt der Nutzer, dass er \u00fcber seine Rechte im Zusammenhang mit der Verwaltung und Verarbeitung personenbezogener Daten informiert wurde, insbesondere dar\u00fcber, dass er das Recht hat, seine Zustimmung jederzeit kostenlos gem\u00e4\u00df den Abschnitten 11 und 21 des Gesetzes Nr. 101\/2000 Slg. zu widerrufen, dass er das Recht auf Zugang zu den personenbezogenen Daten und das Recht hat, diese zu berichtigen, unrichtige personenbezogene Daten zu sperren, zu vernichten usw., und dass er das Recht hat, sich im Falle einer vermuteten Verletzung seiner Rechte an das Amt f\u00fcr den Schutz personenbezogener Daten zu wenden. Gem\u00e4\u00df Artikel 5 des Gesetzes Nr. 101\/2000 Slg. \u00fcber den Schutz personenbezogener Daten werden alle zur Verf\u00fcgung gestellten Daten ausschlie\u00dflich f\u00fcr die Marketingzwecke des f\u00fcr die Verarbeitung Verantwortlichen, d.h. f\u00fcr die Verbreitung von Marketinginformationen, gesammelt und verarbeitet. Der f\u00fcr die Verarbeitung Verantwortliche erkl\u00e4rt, dass er die zur Verf\u00fcgung gestellten Daten im Einklang mit den geltenden Rechtsvorschriften behandeln wird und dass er personenbezogene Daten nur in dem Umfang erheben wird, der f\u00fcr die Erf\u00fcllung des angegebenen Zwecks erforderlich ist, und dass er sie nur in \u00dcbereinstimmung mit dem Zweck, f\u00fcr den sie erhoben wurden, verarbeiten wird. Mitarbeiter des f\u00fcr die Verarbeitung Verantwortlichen oder andere nat\u00fcrliche Personen, die personenbezogene Daten auf der Grundlage eines Vertrags mit dem f\u00fcr die Verarbeitung Verantwortlichen und anderen Personen verarbeiten, sind verpflichtet, die Vertraulichkeit personenbezogener Daten zu wahren, auch nach Beendigung ihres Besch\u00e4ftigungsverh\u00e4ltnisses oder ihrer T\u00e4tigkeit.<\/p>\n<p><!-- \/wp:paragraph --><\/p>\n<p><!-- wp:paragraph --><\/p>\n<p>40. Diese Unterkunftsordnung tritt am 1. Dezember 2021 in Kraft.<\/p>\n<p><!-- \/wp:paragraph --><\/p>\n<p><!-- wp:paragraph --><\/p>\n<p>In Milna 21.04.2024<\/p>\n<p><!-- \/wp:paragraph --><\/p>\n<p><!-- wp:paragraph --><\/p>\n<p>Linda Straka\u00a0<\/p>\n<p><!-- \/wp:paragraph --><\/p>\n<p><!-- wp:paragraph --><\/p>\n<p>Betriebsleiter - LIPNO RENT s.r.o.<\/p>\n<p><!-- \/wp:paragraph --><\/p>\t\t\t\t\t\t<\/div>\n\t\t\t\t<\/div>\n\t\t\t\t\t<\/div>\n\t\t<\/div>\n\t\t\t\t\t\t\t<\/div>\n\t\t<\/section>\n\t\t\t\t<section class=\"elementor-section elementor-top-section elementor-element elementor-element-1467039 elementor-section-boxed elementor-section-height-default elementor-section-height-default\" data-id=\"1467039\" data-element_type=\"section\">\n\t\t\t\t\t\t<div class=\"elementor-container elementor-column-gap-default\">\n\t\t\t\t\t<div class=\"elementor-column elementor-col-100 elementor-top-column elementor-element elementor-element-e5fde79\" data-id=\"e5fde79\" data-element_type=\"column\">\n\t\t\t<div class=\"elementor-widget-wrap elementor-element-populated\">\n\t\t\t\t\t\t\t\t<section class=\"elementor-section elementor-inner-section elementor-element elementor-element-ed3be2c elementor-section-boxed elementor-section-height-default elementor-section-height-default\" data-id=\"ed3be2c\" data-element_type=\"section\">\n\t\t\t\t\t\t<div class=\"elementor-container elementor-column-gap-default\">\n\t\t\t\t\t<div class=\"elementor-column elementor-col-50 elementor-inner-column elementor-element elementor-element-a312064\" data-id=\"a312064\" data-element_type=\"column\">\n\t\t\t<div class=\"elementor-widget-wrap\">\n\t\t\t\t\t\t\t\t\t<\/div>\n\t\t<\/div>\n\t\t\t\t<div class=\"elementor-column elementor-col-50 elementor-inner-column elementor-element elementor-element-040dcd4\" data-id=\"040dcd4\" data-element_type=\"column\">\n\t\t\t<div class=\"elementor-widget-wrap\">\n\t\t\t\t\t\t\t\t\t<\/div>\n\t\t<\/div>\n\t\t\t\t\t\t\t<\/div>\n\t\t<\/section>\n\t\t\t\t\t<\/div>\n\t\t<\/div>\n\t\t\t\t\t\t\t<\/div>\n\t\t<\/section>\n\t\t\t\t\t\t\t<\/div>","protected":false},"excerpt":{"rendered":"<p>\u00a0 UNTERKUNFTSREGELN DER RESORT - Lakeside Village - V\u011btrn\u00edk Betreiber: Lipno Rent s.r.o., P\u0159\u00edstav 71, Lipno nad Vltavou, ID 05400406 (nachstehend Resort genannt) 1. Das Resort bietet den G\u00e4sten Unterkunftsdienstleistungen in Form von Vermietung von Einheiten, die einzelnen Eigent\u00fcmern geh\u00f6ren. 2. Der Gast ist verpflichtet, [...]<\/p>","protected":false},"author":1,"featured_media":0,"parent":0,"menu_order":0,"comment_status":"closed","ping_status":"closed","template":"elementor_theme","meta":{"footnotes":""},"class_list":["post-1260","page","type-page","status-publish","hentry"],"acf":[],"_links":{"self":[{"href":"https:\/\/lakesidevillage.cz\/de\/wp-json\/wp\/v2\/pages\/1260","targetHints":{"allow":["GET"]}}],"collection":[{"href":"https:\/\/lakesidevillage.cz\/de\/wp-json\/wp\/v2\/pages"}],"about":[{"href":"https:\/\/lakesidevillage.cz\/de\/wp-json\/wp\/v2\/types\/page"}],"author":[{"embeddable":true,"href":"https:\/\/lakesidevillage.cz\/de\/wp-json\/wp\/v2\/users\/1"}],"replies":[{"embeddable":true,"href":"https:\/\/lakesidevillage.cz\/de\/wp-json\/wp\/v2\/comments?post=1260"}],"version-history":[{"count":12,"href":"https:\/\/lakesidevillage.cz\/de\/wp-json\/wp\/v2\/pages\/1260\/revisions"}],"predecessor-version":[{"id":2396,"href":"https:\/\/lakesidevillage.cz\/de\/wp-json\/wp\/v2\/pages\/1260\/revisions\/2396"}],"wp:attachment":[{"href":"https:\/\/lakesidevillage.cz\/de\/wp-json\/wp\/v2\/media?parent=1260"}],"curies":[{"name":"wp","href":"https:\/\/api.w.org\/{rel}","templated":true}]}}